{"id":66568,"date":"2025-06-26T15:03:26","date_gmt":"2025-06-26T14:03:26","guid":{"rendered":"https:\/\/invoicefly.com\/?page_id=66568"},"modified":"2025-11-19T16:31:59","modified_gmt":"2025-11-19T15:31:59","slug":"galletas","status":"publish","type":"page","link":"https:\/\/invoicefly.com\/es\/cookies\/","title":{"rendered":"Pol\u00edtica de cookies"},"content":{"rendered":"<div data-elementor-type=\"wp-page\" data-elementor-id=\"66568\" class=\"elementor elementor-66568\" data-elementor-post-type=\"page\">\n\t\t\t\t<div class=\"elementor-element elementor-element-434f841a e-flex e-con-boxed e-con e-parent\" data-id=\"434f841a\" data-element_type=\"container\">\n\t\t\t\t\t<div class=\"e-con-inner\">\n\t\t\t\t<div class=\"elementor-element elementor-element-3c09ac3e elementor-widget elementor-widget-text-editor\" data-id=\"3c09ac3e\" data-element_type=\"widget\" data-settings=\"{&quot;ekit_we_effect_on&quot;:&quot;none&quot;}\" data-widget_type=\"text-editor.default\">\n\t\t\t\t\t\t\t\t\t\n<h1 id=\"h-cookie-policy\" class=\"wp-block-heading\"><strong>Pol\u00edtica de cookies<\/strong><\/h1>\n\n<p><strong>Fecha de entrada en vigor:<\/strong> 26 de junio de 2025<\/p>\n\n<p>Esta Pol\u00edtica de cookies explica c\u00f3mo <strong>Labhouse Mobile, S.L.<\/strong> (\u201cnosotros\u201d, \u201cnos\u201d o \u201cnuestro\u201d) utiliza cookies y tecnolog\u00edas similares cuando usted visita nuestro sitio web <a href=\"https:\/\/invoicefly.com\/es\/\">https:\/\/invoicefly.com<\/a> (el \u201cSitio web\u201d).<\/p>\n<hr class=\"wp-block-separator has-alpha-channel-opacity\" \/>\n<h2 id=\"h-1-who-we-are\" class=\"wp-block-heading\"><strong>1. 1. Qui\u00e9nes somos<\/strong><\/h2>\n\n<ul class=\"wp-block-list\">\n<li><strong>Nombre de la empresa:<\/strong> Labhouse Mobile, S.L. (que opera como Invoice Fly)<\/li>\n\n<li><strong>Nombre comercial:<\/strong> Invoice Fly<\/li>\n\n<li><strong>N\u00famero de Identificaci\u00f3n Fiscal (NIF):<\/strong> B04968699<\/li>\n\n<li><strong>Registrado con:<\/strong> Registro Mercantil de Barcelona<\/li>\n\n<li><strong>Direcci\u00f3n f\u00edsica:<\/strong> Pla\u00e7a de Pau Vila, 1, Ciutat Vella, 08003 Barcelona, Espa\u00f1a<\/li>\n\n<li><strong>Provincia:<\/strong> Barcelona<\/li>\n\n<li><strong>Tel\u00e9fono de contacto:<\/strong> (628) 230-4030<\/li>\n\n<li><strong>Correo electr\u00f3nico de apoyo:<\/strong> help@invoicefly.com<\/li>\n\n<li><strong>Horario de atenci\u00f3n al p\u00fablico:<br \/><\/strong>De lunes a viernes: de 9.00 a 18.00 horas<br \/>S\u00e1bado - Cerrado<br \/>Domingo - Cerrado<\/li>\n\n<li><strong>Redes sociales oficiales:<\/strong><strong><br \/><\/strong>\n<ul class=\"wp-block-list\">\n<li><a href=\"https:\/\/www.linkedin.com\/company\/invoice-fly\/\">LinkedIn Invoice Fly<\/a><\/li>\n\n<li><a href=\"https:\/\/www.facebook.com\/invoiceflyapp\/\">Facebook Invoice Fly<\/a><\/li>\n\n<li><a href=\"https:\/\/www.instagram.com\/invoiceflyapp\/\">Instagram Invoice Fly<\/a><\/li>\n\n<li><a href=\"https:\/\/www.tiktok.com\/@invoice.fly\">TikTok Invoice Fly<\/a><\/li>\n<\/ul>\n<\/li>\n\n<li><strong>Enlaces a pol\u00edticas legales:<\/strong><strong><br \/><\/strong>\n<ul class=\"wp-block-list\">\n<li><a href=\"https:\/\/invoicefly.com\/es\/privacidad\/\">Pol\u00edtica de privacidad<br \/><\/a><\/li>\n\n<li><a href=\"https:\/\/invoicefly.com\/es\/terminos\/\">Condiciones generales<br \/><\/a><\/li>\n\n<li>Acuerdo de Tratamiento de Datos (APD)<\/li>\n\n<li><a href=\"\/es\/pongase-en-contacto-con\/\">P\u00e1gina de contacto<br \/><\/a><\/li>\n<\/ul>\n<\/li>\n<\/ul>\n<hr class=\"wp-block-separator has-alpha-channel-opacity\" \/>\n<h2 id=\"h-2-what-are-cookies\" class=\"wp-block-heading\"><strong>2. \u00bfQu\u00e9 son las cookies?<\/strong><\/h2>\n\n<p>Las cookies son peque\u00f1os archivos de texto que los sitios web almacenan en su dispositivo (ordenador, tableta o m\u00f3vil) cuando navega por Internet. Las cookies sirven para diversos fines, como garantizar el funcionamiento t\u00e9cnico de un sitio, almacenar las preferencias del usuario y ayudarnos a comprender su comportamiento para mejorar nuestros servicios.<\/p>\n\n<p>Las cookies pueden ser:<\/p>\n\n<ul class=\"wp-block-list\">\n<li><strong>Cookies de origen<\/strong>: Establecido directamente por nuestro sitio web.<\/li>\n\n<li><strong>Cookies de terceros<\/strong>: Establecida por servicios externos que utilizamos en nuestro sitio web.<\/li>\n<\/ul>\n<hr class=\"wp-block-separator has-alpha-channel-opacity\" \/>\n<h2 id=\"h-3-what-cookies-do-we-use\" class=\"wp-block-heading\"><strong>3. \u00bfQu\u00e9 cookies utilizamos?<\/strong><\/h2>\n\n<p>Utilizamos las siguientes categor\u00edas de cookies:<\/p>\n\n<h3 id=\"h-a-strictly-necessary-cookies-essential\" class=\"wp-block-heading\"><strong>a) Cookies estrictamente necesarias (esenciales)<\/strong><\/h3>\n\n<p>Estas cookies son necesarias para el correcto funcionamiento de nuestro Sitio Web y no pueden desactivarse en nuestros sistemas. Entre ellas se incluyen:<\/p>\n\n<ul class=\"wp-block-list\">\n<li><strong>Elementor (plugin de WordPress)<\/strong><strong><br \/><\/strong>\n<ul class=\"wp-block-list\">\n<li><strong>Prop\u00f3sito<\/strong>: Garantiza una visualizaci\u00f3n r\u00e1pida, estable y con capacidad de respuesta de las p\u00e1ginas web.<\/li>\n\n<li><strong>Tipo<\/strong>: Primera parte<\/li>\n<\/ul>\n<\/li>\n\n<li><strong>Cookies del n\u00facleo de WordPress<\/strong><strong><br \/><\/strong>\n<ul class=\"wp-block-list\">\n<li><strong>Prop\u00f3sito<\/strong>: Gesti\u00f3n de sesiones, estado de inicio de sesi\u00f3n (para administradores) y seguridad del sitio.<\/li>\n\n<li><strong>Tipo<\/strong>: Primera parte<\/li>\n<\/ul>\n<\/li>\n\n<li><strong>CookieConsent (CookieBot)<\/strong><strong><br \/><\/strong>\n<ul class=\"wp-block-list\">\n<li><strong>Prop\u00f3sito<\/strong>: Almacena las preferencias de consentimiento del usuario.<\/li>\n\n<li><strong>Tipo<\/strong>: Terceros<\/li>\n\n<li><strong>Duraci\u00f3n<\/strong>: 1 a\u00f1o<\/li>\n<\/ul>\n<\/li>\n<\/ul>\n<hr class=\"wp-block-separator has-alpha-channel-opacity\" \/>\n<h3 id=\"h-b-performance-amp-analytics-cookies\" class=\"wp-block-heading\"><strong>b) Cookies de rendimiento y an\u00e1lisis<\/strong><\/h3>\n\n<p>Nos ayudan a comprender c\u00f3mo interact\u00faan los visitantes con nuestro sitio web para que podamos mejorarlo. Recogen informaci\u00f3n de forma an\u00f3nima.<\/p>\n\n<ul class=\"wp-block-list\">\n<li><strong>Google Analytics 4 (GA4)<\/strong><strong><br \/><\/strong>\n<ul class=\"wp-block-list\">\n<li><strong>Prop\u00f3sito<\/strong>: Mide el tr\u00e1fico del sitio web, el comportamiento y la participaci\u00f3n de los usuarios.<\/li>\n\n<li><strong>Datos compartidos con<\/strong>: Google Ireland Limited<\/li>\n\n<li><strong>Conservaci\u00f3n de datos<\/strong>: 14 meses<\/li>\n\n<li><strong>Base jur\u00eddica<\/strong>: Consentimiento<\/li>\n\n<li><strong>Tipo<\/strong>: Terceros<\/li>\n<\/ul>\n<\/li>\n\n<li><strong>Google Tag Manager<\/strong><strong><br \/><\/strong>\n<ul class=\"wp-block-list\">\n<li><strong>Prop\u00f3sito<\/strong>: Gestiona las etiquetas y los scripts de an\u00e1lisis.<\/li>\n\n<li><strong>Datos compartidos con<\/strong>: Google Ireland Limited<\/li>\n\n<li><strong>Nota<\/strong>: No recoge directamente datos personales.<\/li>\n\n<li><strong>Tipo<\/strong>: Terceros<\/li>\n<\/ul>\n<\/li>\n\n<li><strong>Microsoft Claridad<\/strong><strong><br \/><\/strong>\n<ul class=\"wp-block-list\">\n<li><strong>Prop\u00f3sito<\/strong>: Captura repeticiones de sesiones y mapas de calor para mejorar la usabilidad.<\/li>\n\n<li><strong>Cookies utilizadas<\/strong>: _clck, _clsk, CLID, SM, MR<\/li>\n\n<li><strong>Datos compartidos con<\/strong>: Microsoft Espa\u00f1a<\/li>\n\n<li><strong>Base jur\u00eddica<\/strong>: Consentimiento<\/li>\n<\/ul>\n<\/li>\n<\/ul>\n<hr class=\"wp-block-separator has-alpha-channel-opacity\" \/>\n<h3 id=\"h-c-functional-cookies\" class=\"wp-block-heading\"><strong>c) Cookies funcionales<\/strong><\/h3>\n\n<p>Estas cookies mejoran la experiencia del sitio web al recordar las preferencias del usuario y proporcionar funciones din\u00e1micas.<\/p>\n\n<ul class=\"wp-block-list\">\n<li><strong>Fuentes Google<\/strong><strong><br \/><\/strong>\n<ul class=\"wp-block-list\">\n<li><strong>Prop\u00f3sito<\/strong>: Muestra las fuentes web.<\/li>\n\n<li><strong>Datos compartidos con<\/strong>: Google Ireland Limited<\/li>\n\n<li><strong>Nota<\/strong>: Puede recoger la direcci\u00f3n IP para la entrega de fuentes.<\/li>\n<\/ul>\n<\/li>\n<\/ul>\n<hr class=\"wp-block-separator has-alpha-channel-opacity\" \/>\n<h3 id=\"h-d-marketing-cookies\" class=\"wp-block-heading\"><strong>d) Cookies de marketing<\/strong><\/h3>\n\n<p>Estas cookies rastrean la actividad del usuario en los distintos sitios y se utilizan para ofrecer publicidad personalizada.<\/p>\n\n<ul class=\"wp-block-list\">\n<li><strong>P\u00edxel de Facebook<\/strong><strong><br \/><\/strong>\n<ul class=\"wp-block-list\">\n<li><strong>Cookies<\/strong>: _fbp, fr, tr<\/li>\n\n<li><strong>Prop\u00f3sito<\/strong>: Entrega y seguimiento de anuncios en Facebook e Instagram.<\/li>\n\n<li><strong>Datos compartidos con<\/strong>: Meta Platforms Ireland Ltd.<\/li>\n\n<li><strong>Duraci\u00f3n<\/strong>: Var\u00eda (Sesi\u00f3n a 3 meses)<\/li>\n\n<li><strong>Base jur\u00eddica<\/strong>: Consentimiento<\/li>\n<\/ul>\n<\/li>\n\n<li><strong>Anuncios en LinkedIn<\/strong><strong><br \/><\/strong>\n<ul class=\"wp-block-list\">\n<li><strong>Cookies<\/strong>: bcookie, lidc, bscookie, lissc, UserMatchHistory, lang<\/li>\n\n<li><strong>Prop\u00f3sito<\/strong>: Rastrea el rendimiento de los anuncios y las preferencias de los usuarios.<\/li>\n\n<li><strong>Datos compartidos con<\/strong>: Empresa LinkedIn Ireland Unlimited<\/li>\n<\/ul>\n<\/li>\n\n<li><strong>Microsoft Ads (Bing)<\/strong><strong><br \/><\/strong>\n<ul class=\"wp-block-list\">\n<li><strong>Cookies<\/strong>: _uetvid, _uetsid, MUID<\/li>\n\n<li><strong>Prop\u00f3sito<\/strong>: Mide y optimiza el rendimiento de los anuncios.<\/li>\n\n<li><strong>Base jur\u00eddica<\/strong>: Consentimiento<\/li>\n\n<li><strong>Duraci\u00f3n<\/strong>: Var\u00eda (de 1 d\u00eda a 13 meses)<\/li>\n<\/ul>\n<\/li>\n<\/ul>\n<hr class=\"wp-block-separator has-alpha-channel-opacity\" \/>\n<h2 id=\"h-4-legal-basis-for-use-of-cookies\" class=\"wp-block-heading\"><strong>4. Base jur\u00eddica para el uso de cookies<\/strong><\/h2>\n\n<p>Nos basamos en los siguientes fundamentos jur\u00eddicos para el uso de cookies:<\/p>\n\n<ul class=\"wp-block-list\">\n<li><strong>Inter\u00e9s leg\u00edtimo<\/strong>: Para las cookies estrictamente necesarias para el funcionamiento del sitio web.<\/li>\n\n<li><strong>Consentimiento<\/strong>: Para todas las cookies no esenciales (anal\u00edticas, de marketing, etc.), obtenidas a trav\u00e9s del banner de cookies.<\/li>\n<\/ul>\n<hr class=\"wp-block-separator has-alpha-channel-opacity\" \/>\n<h2 id=\"h-5-how-do-we-obtain-consent\" class=\"wp-block-heading\"><strong>5. \u00bfC\u00f3mo obtenemos el consentimiento?<\/strong><\/h2>\n\n<p>Cuando visita nuestro sitio web por primera vez, se muestra un banner de cookies que le permite:<\/p>\n\n<ul class=\"wp-block-list\">\n<li>Aceptar todas las cookies<\/li>\n\n<li>Rechazar todas las cookies no esenciales<\/li>\n\n<li>Personalice sus preferencias de cookies<\/li>\n<\/ul>\n\n<p>Sus elecciones se almacenan para <strong>365 d\u00edas<\/strong>. Puede actualizar o retirar su consentimiento en cualquier momento haciendo clic en el enlace \u201cConfiguraci\u00f3n de cookies\u201d disponible en el pie de p\u00e1gina de nuestro Sitio web.<\/p>\n<hr class=\"wp-block-separator has-alpha-channel-opacity\" \/>\n<h2 id=\"h-6-how-to-manage-or-delete-cookies\" class=\"wp-block-heading\"><strong>6. C\u00f3mo gestionar o eliminar las cookies<\/strong><\/h2>\n\n<p>Puede gestionar las cookies a trav\u00e9s de:<\/p>\n\n<ul class=\"wp-block-list\">\n<li><strong>Configuraci\u00f3n del navegador<\/strong>:<br \/>\n<ul class=\"wp-block-list\">\n<li><a href=\"https:\/\/support.microsoft.com\/es-es\/windows\/eliminar-y-administrar-cookies-168dab11-0753-043d-7c16-ede5947fc64d\">Edge (Microsoft)<br \/><\/a><\/li>\n\n<li><a href=\"https:\/\/support.apple.com\/es-es\/guide\/safari\/sfri11471\/mac\">Safari (Apple)<br \/><\/a><\/li>\n\n<li><a href=\"https:\/\/support.google.com\/accounts\/answer\/61416?hl=es\">Chrome (Google)<br \/><\/a><\/li>\n\n<li><a href=\"https:\/\/support.mozilla.org\/es\/kb\/proteccion-antirrastreo-mejorada-en-firefox-para-e\">Firefox (Mozilla)<br \/><\/a><\/li>\n<\/ul>\n<\/li>\n\n<li><strong>Herramienta de inhabilitaci\u00f3n de Google Analytics<\/strong>:<br \/><a href=\"https:\/\/tools.google.com\/dlpage\/gaoptout\">https:\/\/tools.google.com\/dlpage\/gaoptout<br \/><\/a><\/li>\n<\/ul>\n\n<p>Deshabilitar las cookies puede afectar a su capacidad para utilizar determinadas funciones del sitio web.<\/p>\n<hr class=\"wp-block-separator has-alpha-channel-opacity\" \/>\n<h2 id=\"h-7-international-data-transfers\" class=\"wp-block-heading\"><strong>7. Transferencias internacionales de datos<\/strong><\/h2>\n\n<p>Algunas cookies de terceros (Google, Facebook, Microsoft) pueden implicar transferencias de datos fuera del Espacio Econ\u00f3mico Europeo (EEE), incluido Estados Unidos. Estos proveedores se basan en Cl\u00e1usulas Contractuales Tipo (CCT) aprobadas por la Comisi\u00f3n Europea para proteger dichas transferencias.<\/p>\n<hr class=\"wp-block-separator has-alpha-channel-opacity\" \/>\n<h2 id=\"h-8-updates-to-this-cookie-policy\" class=\"wp-block-heading\"><strong>8. Actualizaciones de la presente Pol\u00edtica de Cookies<\/strong><\/h2>\n\n<p>Podemos revisar esta Pol\u00edtica de Cookies de vez en cuando, por razones legales o t\u00e9cnicas. Cuando se actualice, se revisar\u00e1 la \u201cFecha de entrada en vigor\u201d en la parte superior. Le recomendamos que consulte esta p\u00e1gina con regularidad.<\/p>\n<hr class=\"wp-block-separator has-alpha-channel-opacity\" \/>\n<h2 id=\"h-9-contact-us\" class=\"wp-block-heading\"><strong>9. Contacto<\/strong><\/h2>\n\n<p>Para cualquier duda o consulta sobre esta Pol\u00edtica de Cookies, puede ponerse en contacto con nosotros en:<\/p>\n\n<p>\ud83d\udce7 <strong><a href=\"mailto:help@invoicefly.com\">help@invoicefly.com<\/a><br \/><\/strong> \ud83d\udccd <strong>Pla\u00e7a de Pau Vila, 1, Ciutat Vella, 08039 Barcelona, Espa\u00f1a<br \/><\/strong> \ud83d\udcde <strong>(628) 230-4030<br \/><\/strong> \ud83c\udf10 <a href=\"https:\/\/invoicefly.com\/es\/pongase-en-contacto-con\/\">https:\/\/invoicefly.com\/contact\/<\/a><\/p>\n\n<p>\u00a0<\/p>\n\t\t\t\t\t\t\t\t<\/div>\n\t\t\t\t\t<\/div>\n\t\t\t\t<\/div>\n\t\t\t\t<\/div>","protected":false},"excerpt":{"rendered":"<p>Cookie Policy Effective date: June 26, 2025 This Cookie Policy explains how Labhouse Mobile, S.L. (&#8220;we&#8221;, &#8220;us&#8221;, or &#8220;our&#8221;) uses cookies and similar technologies when you visit our website https:\/\/invoicefly.com (the \u201cWebsite\u201d). 1. Who we are 2. What are cookies? Cookies are small text files that websites store on your device (computer, tablet or mobile) [&hellip;]<\/p>\n","protected":false},"author":11,"featured_media":0,"parent":0,"menu_order":0,"comment_status":"closed","ping_status":"open","template":"","meta":{"_acf_changed":false,"footnotes":""},"class_list":["post-66568","page","type-page","status-publish","hentry"],"acf":[],"yoast_head":"<!-- This site is optimized with the Yoast SEO Premium plugin v25.8 (Yoast SEO v25.8) - https:\/\/yoast.com\/wordpress\/plugins\/seo\/ -->\n<title>Cookies Policy | Invoice Fly<\/title>\n<meta name=\"description\" content=\"Cookies Policy | Invoice Fly\" \/>\n<meta name=\"robots\" content=\"index, follow, max-snippet:-1, max-image-preview:large, max-video-preview:-1\" \/>\n<link rel=\"canonical\" href=\"https:\/\/invoicefly.com\/es\/galletas\/\" \/>\n<meta property=\"og:locale\" content=\"es_ES\" \/>\n<meta property=\"og:type\" content=\"article\" \/>\n<meta property=\"og:title\" content=\"Cookies Policy\" \/>\n<meta property=\"og:description\" content=\"Cookies Policy | Invoice Fly\" \/>\n<meta property=\"og:url\" content=\"https:\/\/invoicefly.com\/es\/galletas\/\" \/>\n<meta property=\"og:site_name\" content=\"Invoice Fly\" \/>\n<meta property=\"article:publisher\" content=\"https:\/\/www.facebook.com\/invoiceflyapp\/\" \/>\n<meta property=\"article:modified_time\" content=\"2025-11-19T15:31:59+00:00\" \/>\n<meta property=\"og:image\" content=\"https:\/\/invoicefly.com\/wp-content\/uploads\/2023\/09\/invoice-fly-logo.png\" \/>\n\t<meta property=\"og:image:width\" content=\"524\" \/>\n\t<meta property=\"og:image:height\" content=\"113\" \/>\n\t<meta property=\"og:image:type\" content=\"image\/png\" \/>\n<meta name=\"twitter:card\" content=\"summary_large_image\" \/>\n<meta name=\"twitter:label1\" content=\"Tiempo de lectura\" \/>\n\t<meta name=\"twitter:data1\" content=\"4 minutos\" \/>\n<script type=\"application\/ld+json\" class=\"yoast-schema-graph\">{\"@context\":\"https:\/\/schema.org\",\"@graph\":[{\"@type\":\"WebPage\",\"@id\":\"https:\/\/invoicefly.com\/cookies\/\",\"url\":\"https:\/\/invoicefly.com\/cookies\/\",\"name\":\"Cookies Policy | Invoice Fly\",\"isPartOf\":{\"@id\":\"https:\/\/invoicefly.com\/#website\"},\"datePublished\":\"2025-06-26T14:03:26+00:00\",\"dateModified\":\"2025-11-19T15:31:59+00:00\",\"description\":\"Cookies Policy | Invoice Fly\",\"breadcrumb\":{\"@id\":\"https:\/\/invoicefly.com\/cookies\/#breadcrumb\"},\"inLanguage\":\"es\",\"potentialAction\":[{\"@type\":\"ReadAction\",\"target\":[\"https:\/\/invoicefly.com\/cookies\/\"]}]},{\"@type\":\"BreadcrumbList\",\"@id\":\"https:\/\/invoicefly.com\/cookies\/#breadcrumb\",\"itemListElement\":[{\"@type\":\"ListItem\",\"position\":1,\"name\":\"Invoice Fly\",\"item\":\"https:\/\/invoicefly.com\/\"},{\"@type\":\"ListItem\",\"position\":2,\"name\":\"Cookies Policy\"}]},{\"@type\":\"WebSite\",\"@id\":\"https:\/\/invoicefly.com\/#website\",\"url\":\"https:\/\/invoicefly.com\/\",\"name\":\"Invoice Fly\",\"description\":\"The Best Invoice App\",\"publisher\":{\"@id\":\"https:\/\/invoicefly.com\/#organization\"},\"alternateName\":\"Invoice Fly\",\"potentialAction\":[{\"@type\":\"SearchAction\",\"target\":{\"@type\":\"EntryPoint\",\"urlTemplate\":\"https:\/\/invoicefly.com\/?s={search_term_string}\"},\"query-input\":{\"@type\":\"PropertyValueSpecification\",\"valueRequired\":true,\"valueName\":\"search_term_string\"}}],\"inLanguage\":\"es\"},{\"@type\":\"Organization\",\"@id\":\"https:\/\/invoicefly.com\/#organization\",\"name\":\"Invoice Fly\",\"alternateName\":\"Invoice Fly\",\"url\":\"https:\/\/invoicefly.com\/\",\"logo\":{\"@type\":\"ImageObject\",\"inLanguage\":\"es\",\"@id\":\"https:\/\/invoicefly.com\/#\/schema\/logo\/image\/\",\"url\":\"https:\/\/invoicefly.com\/wp-content\/uploads\/2023\/09\/invoice-fly-logo.png\",\"contentUrl\":\"https:\/\/invoicefly.com\/wp-content\/uploads\/2023\/09\/invoice-fly-logo.png\",\"width\":524,\"height\":113,\"caption\":\"Invoice Fly\"},\"image\":{\"@id\":\"https:\/\/invoicefly.com\/#\/schema\/logo\/image\/\"},\"sameAs\":[\"https:\/\/www.facebook.com\/invoiceflyapp\/\",\"https:\/\/www.instagram.com\/invoiceflyapp\/\",\"https:\/\/www.tiktok.com\/@invoicefly\",\"https:\/\/www.youtube.com\/channel\/UCS20FuF4lzTotiD3cOHKYTg\"],\"description\":\"Invoice Fly helps you send estimates & invoices, collect credit card and online payments fast, build reports, track expenses, organize your clients and items and run your home service business with ease.\\u2028\",\"legalName\":\"Invoice Fly\"}]}<\/script>\n<!-- \/ Yoast SEO Premium plugin. -->","yoast_head_json":{"title":"Pol\u00edtica de Cookies | Invoice Fly","description":"Pol\u00edtica de Cookies | Invoice Fly","robots":{"index":"index","follow":"follow","max-snippet":"max-snippet:-1","max-image-preview":"max-image-preview:large","max-video-preview":"max-video-preview:-1"},"canonical":"https:\/\/invoicefly.com\/es\/galletas\/","og_locale":"es_ES","og_type":"article","og_title":"Cookies Policy","og_description":"Cookies Policy | Invoice Fly","og_url":"https:\/\/invoicefly.com\/es\/galletas\/","og_site_name":"Invoice Fly","article_publisher":"https:\/\/www.facebook.com\/invoiceflyapp\/","article_modified_time":"2025-11-19T15:31:59+00:00","og_image":[{"width":524,"height":113,"url":"https:\/\/invoicefly.com\/wp-content\/uploads\/2023\/09\/invoice-fly-logo.png","type":"image\/png"}],"twitter_card":"summary_large_image","twitter_misc":{"Tiempo de lectura":"4 minutos"},"schema":{"@context":"https:\/\/schema.org","@graph":[{"@type":"WebPage","@id":"https:\/\/invoicefly.com\/cookies\/","url":"https:\/\/invoicefly.com\/cookies\/","name":"Pol\u00edtica de Cookies | Invoice Fly","isPartOf":{"@id":"https:\/\/invoicefly.com\/#website"},"datePublished":"2025-06-26T14:03:26+00:00","dateModified":"2025-11-19T15:31:59+00:00","description":"Pol\u00edtica de Cookies | Invoice Fly","breadcrumb":{"@id":"https:\/\/invoicefly.com\/cookies\/#breadcrumb"},"inLanguage":"es","potentialAction":[{"@type":"ReadAction","target":["https:\/\/invoicefly.com\/cookies\/"]}]},{"@type":"BreadcrumbList","@id":"https:\/\/invoicefly.com\/cookies\/#breadcrumb","itemListElement":[{"@type":"ListItem","position":1,"name":"Invoice Fly","item":"https:\/\/invoicefly.com\/"},{"@type":"ListItem","position":2,"name":"Cookies Policy"}]},{"@type":"WebSite","@id":"https:\/\/invoicefly.com\/#website","url":"https:\/\/invoicefly.com\/","name":"Invoice Fly","description":"La Mejor App de Facturaci\u00f3n","publisher":{"@id":"https:\/\/invoicefly.com\/#organization"},"alternateName":"Invoice Fly","potentialAction":[{"@type":"SearchAction","target":{"@type":"EntryPoint","urlTemplate":"https:\/\/invoicefly.com\/?s={search_term_string}"},"query-input":{"@type":"PropertyValueSpecification","valueRequired":true,"valueName":"search_term_string"}}],"inLanguage":"es"},{"@type":"Organization","@id":"https:\/\/invoicefly.com\/#organization","name":"Invoice Fly","alternateName":"Invoice Fly","url":"https:\/\/invoicefly.com\/","logo":{"@type":"ImageObject","inLanguage":"es","@id":"https:\/\/invoicefly.com\/#\/schema\/logo\/image\/","url":"https:\/\/invoicefly.com\/wp-content\/uploads\/2023\/09\/invoice-fly-logo.png","contentUrl":"https:\/\/invoicefly.com\/wp-content\/uploads\/2023\/09\/invoice-fly-logo.png","width":524,"height":113,"caption":"Invoice Fly"},"image":{"@id":"https:\/\/invoicefly.com\/#\/schema\/logo\/image\/"},"sameAs":["https:\/\/www.facebook.com\/invoiceflyapp\/","https:\/\/www.instagram.com\/invoiceflyapp\/","https:\/\/www.tiktok.com\/@invoicefly","https:\/\/www.youtube.com\/channel\/UCS20FuF4lzTotiD3cOHKYTg"],"description":"Invoice Fly te ayuda a enviar presupuestos y facturas, cobrar tarjetas de cr\u00e9dito y pagos en l\u00ednea r\u00e1pidamente, generar informes, rastrear gastos, organizar tus clientes y art\u00edculos y administrar tu negocio de servicios del hogar con facilidad.","legalName":"Invoice Fly"}]}},"_links":{"self":[{"href":"https:\/\/invoicefly.com\/es\/wp-json\/wp\/v2\/pages\/66568","targetHints":{"allow":["GET"]}}],"collection":[{"href":"https:\/\/invoicefly.com\/es\/wp-json\/wp\/v2\/pages"}],"about":[{"href":"https:\/\/invoicefly.com\/es\/wp-json\/wp\/v2\/types\/page"}],"author":[{"embeddable":true,"href":"https:\/\/invoicefly.com\/es\/wp-json\/wp\/v2\/users\/11"}],"replies":[{"embeddable":true,"href":"https:\/\/invoicefly.com\/es\/wp-json\/wp\/v2\/comments?post=66568"}],"version-history":[{"count":0,"href":"https:\/\/invoicefly.com\/es\/wp-json\/wp\/v2\/pages\/66568\/revisions"}],"wp:attachment":[{"href":"https:\/\/invoicefly.com\/es\/wp-json\/wp\/v2\/media?parent=66568"}],"curies":[{"name":"wp","href":"https:\/\/api.w.org\/{rel}","templated":true}]}}