{"id":82537,"date":"2025-10-20T11:59:25","date_gmt":"2025-10-20T10:59:25","guid":{"rendered":"https:\/\/invoicefly.com\/?page_id=82537"},"modified":"2025-10-20T16:25:42","modified_gmt":"2025-10-20T15:25:42","slug":"alternativas-a-la-factura-fly","status":"publish","type":"page","link":"https:\/\/invoicefly.com\/es\/invoice-fly-alternatives\/","title":{"rendered":"Invoice Fly Alternativas"},"content":{"rendered":"<div data-elementor-type=\"wp-page\" data-elementor-id=\"82537\" class=\"elementor elementor-82537\" data-elementor-post-type=\"page\">\n\t\t\t\t<div class=\"elementor-element elementor-element-f859941 e-con-full e-flex e-con e-parent\" data-id=\"f859941\" data-element_type=\"container\" data-settings=\"{&quot;background_background&quot;:&quot;classic&quot;}\">\n\t\t<div class=\"elementor-element elementor-element-6262857 e-con-full e-flex e-con e-child\" data-id=\"6262857\" data-element_type=\"container\" data-settings=\"{&quot;background_background&quot;:&quot;classic&quot;}\">\n\t\t\t\t<div class=\"elementor-element elementor-element-83c928c elementor-widget elementor-widget-spacer\" data-id=\"83c928c\" data-element_type=\"widget\" data-settings=\"{&quot;ekit_we_effect_on&quot;:&quot;none&quot;}\" data-widget_type=\"spacer.default\">\n\t\t\t\t\t\t\t<div class=\"elementor-spacer\">\n\t\t\t<div class=\"elementor-spacer-inner\"><\/div>\n\t\t<\/div>\n\t\t\t\t\t\t<\/div>\n\t\t\t\t<\/div>\n\t\t<div class=\"elementor-element elementor-element-36a0115 e-con-full e-flex e-con e-child\" data-id=\"36a0115\" data-element_type=\"container\" data-settings=\"{&quot;background_background&quot;:&quot;classic&quot;}\">\n\t\t\t\t<div class=\"elementor-element elementor-element-55e3d13 elementor-widget elementor-widget-heading\" data-id=\"55e3d13\" data-element_type=\"widget\" data-settings=\"{&quot;ekit_we_effect_on&quot;:&quot;none&quot;}\" data-widget_type=\"heading.default\">\n\t\t\t\t\t<h1 class=\"elementor-heading-title elementor-size-default\">Invoice Fly Alternativas: Compare<\/h1>\t\t\t\t<\/div>\n\t\t\t\t<div class=\"elementor-element elementor-element-f5db752 elementor-widget__width-initial elementor-widget elementor-widget-text-editor\" data-id=\"f5db752\" data-element_type=\"widget\" data-settings=\"{&quot;ekit_we_effect_on&quot;:&quot;none&quot;}\" data-widget_type=\"text-editor.default\">\n\t\t\t\t\t\t\t\t\t<p>Gestione un negocio de reparaci\u00f3n de electrodom\u00e9sticos m\u00e1s fluido con Invoice Fly. Env\u00ede presupuestos y facturas, y ahorre horas de trabajo automatizando sus flujos de trabajo.<\/p>\t\t\t\t\t\t\t\t<\/div>\n\t\t\t\t<div class=\"elementor-element elementor-element-51f7e3e elementor-widget-mobile__width-inherit elementor-widget__width-initial elementor-widget elementor-widget-elementskit-creative-button\" data-id=\"51f7e3e\" data-element_type=\"widget\" data-settings=\"{&quot;ekit_we_effect_on&quot;:&quot;none&quot;}\" data-widget_type=\"elementskit-creative-button.default\">\n\t\t\t\t<div class=\"elementor-widget-container\">\n\t\t\t\t\t<div class=\"ekit-wid-con\" >\t\t<div class=\"ekit-btn-wraper\">\n\t\t\t\t\t\t\t\t<a href=\"https:\/\/invoicefly.com\/es\/appinvoicefly\/\" target=\"_blank\" class=\"ekit_creative_button ekit_slide_icon_2 button-get-started-big\" id=\"\" data-text=\"\">\n\n\t\t\t\t\t\t\n\t\t\t\t\t\t<span class=\"ekit_creative_button_text\">Pru\u00e9belo gratis<\/span>\n\n\t\t\t\t\t\t\t\t\t\t\t\t\t<i aria-hidden=\"true\" class=\"ekit_creative_button_icon_after icon icon-right-arrow1\"><\/i>\n\t\t\t\t\t\t\t\t\t\t\t\t\t\t\t\t\t<\/a>\n\t\t\t\t\t\t<\/div>\n        <\/div>\t\t\t\t<\/div>\n\t\t\t\t<\/div>\n\t\t<div class=\"elementor-element elementor-element-fb7afe2 e-con-full e-flex e-con e-child\" data-id=\"fb7afe2\" data-element_type=\"container\">\n\t\t\t\t<div class=\"elementor-element elementor-element-312ccdb elementor-widget__width-initial elementor-widget elementor-widget-image\" data-id=\"312ccdb\" data-element_type=\"widget\" data-settings=\"{&quot;ekit_we_effect_on&quot;:&quot;none&quot;}\" data-widget_type=\"image.default\">\n\t\t\t\t\t\t\t\t\t\t\t\t\t\t\t<img decoding=\"async\" width=\"341\" height=\"83\" src=\"https:\/\/invoicefly.com\/wp-content\/uploads\/2025\/06\/Apple-Store-Reviews1.png\" class=\"attachment-full size-full wp-image-65915\" alt=\"4.8 de 5 valoraciones en rese\u00f1as de la App Store\" srcset=\"https:\/\/invoicefly.com\/wp-content\/uploads\/2025\/06\/Apple-Store-Reviews1.png 341w, https:\/\/invoicefly.com\/wp-content\/uploads\/2025\/06\/Apple-Store-Reviews1-300x73.png 300w\" sizes=\"(max-width: 341px) 100vw, 341px\" \/>\t\t\t\t\t\t\t\t\t\t\t\t\t\t\t<\/div>\n\t\t\t\t<div class=\"elementor-element elementor-element-d49a963 elementor-widget__width-initial elementor-widget elementor-widget-image\" data-id=\"d49a963\" data-element_type=\"widget\" data-settings=\"{&quot;ekit_we_effect_on&quot;:&quot;none&quot;}\" data-widget_type=\"image.default\">\n\t\t\t\t\t\t\t\t\t\t\t\t\t\t\t<img decoding=\"async\" width=\"355\" height=\"82\" src=\"https:\/\/invoicefly.com\/wp-content\/uploads\/2025\/06\/Google-Play-Reviews1.png\" class=\"attachment-full size-full wp-image-65916\" alt=\"4,9 de 5 valoraciones en rese\u00f1as de Google Play\" srcset=\"https:\/\/invoicefly.com\/wp-content\/uploads\/2025\/06\/Google-Play-Reviews1.png 355w, https:\/\/invoicefly.com\/wp-content\/uploads\/2025\/06\/Google-Play-Reviews1-300x69.png 300w, https:\/\/invoicefly.com\/wp-content\/uploads\/2025\/06\/Google-Play-Reviews1-350x82.png 350w\" sizes=\"(max-width: 355px) 100vw, 355px\" \/>\t\t\t\t\t\t\t\t\t\t\t\t\t\t\t<\/div>\n\t\t\t\t<\/div>\n\t\t\t\t<div class=\"elementor-element elementor-element-89a4e10 elementor-hidden-tablet elementor-hidden-mobile elementor-widget elementor-widget-elementskit-breadcrumb\" data-id=\"89a4e10\" data-element_type=\"widget\" data-settings=\"{&quot;ekit_we_effect_on&quot;:&quot;none&quot;}\" data-widget_type=\"elementskit-breadcrumb.default\">\n\t\t\t\t<div class=\"elementor-widget-container\">\n\t\t\t\t\t<div class=\"ekit-wid-con\" ><ol class=\"ekit-breadcrumb\"><li class=\"ekit_breadcrumbs_start\"><span class=\"ekit_home_icon\"> <i class=\"fas fa-home\"><\/i> <\/span><a href=\"https:\/\/invoicefly.com\/es\">Inicio<\/a><\/li><\/ol><\/div>\t\t\t\t<\/div>\n\t\t\t\t<\/div>\n\t\t\t\t<\/div>\n\t\t\t\t<\/div>\n\t\t<div class=\"elementor-element elementor-element-bf07327 e-flex e-con-boxed e-con e-parent\" data-id=\"bf07327\" data-element_type=\"container\">\n\t\t\t\t\t<div class=\"e-con-inner\">\n\t\t\t\t<div class=\"elementor-element elementor-element-59b933b elementor-widget elementor-widget-text-editor\" data-id=\"59b933b\" data-element_type=\"widget\" data-settings=\"{&quot;ekit_we_effect_on&quot;:&quot;none&quot;}\" data-widget_type=\"text-editor.default\">\n\t\t\t\t\t\t\t\t\t<h2>Simplifique su proceso de estimaci\u00f3n<br \/><span class=\"gradient-text\">con Invoice Fly<\/span><\/h2>\t\t\t\t\t\t\t\t<\/div>\n\t\t\t\t<div class=\"elementor-element elementor-element-f8526ee elementor-widget elementor-widget-text-editor\" data-id=\"f8526ee\" data-element_type=\"widget\" data-settings=\"{&quot;ekit_we_effect_on&quot;:&quot;none&quot;}\" data-widget_type=\"text-editor.default\">\n\t\t\t\t\t\t\t\t\t<p>Lorem ipsum dolor sit amet, consectetur adipiscing elit. Ut elit tellus, luctus nec ullamcorper mattis, pulvinar dapibus leo.<\/p>\t\t\t\t\t\t\t\t<\/div>\n\t\t\t\t\t<\/div>\n\t\t\t\t<\/div>\n\t\t\t\t<\/div>","protected":false},"excerpt":{"rendered":"<p>Invoice Fly Alternatives: See How We Compare Run a smoother appliance repair business with Invoice Fly. Send estimates and invoices, and save hours of work by automating your workflows. Try It For Free Home Simplify your estimating processwith Invoice Fly Lorem ipsum dolor sit amet, consectetur adipiscing elit. Ut elit tellus, luctus nec ullamcorper mattis, [&hellip;]<\/p>\n","protected":false},"author":11,"featured_media":0,"parent":0,"menu_order":0,"comment_status":"closed","ping_status":"closed","template":"elementor_header_footer","meta":{"_acf_changed":false,"footnotes":""},"class_list":["post-82537","page","type-page","status-publish","hentry"],"acf":[],"yoast_head":"<!-- This site is optimized with the Yoast SEO Premium plugin v25.8 (Yoast SEO v25.8) - https:\/\/yoast.com\/wordpress\/plugins\/seo\/ -->\n<title>Invoice Fly Alternatives &#8211; Invoice Fly<\/title>\n<meta name=\"robots\" content=\"noindex, follow\" \/>\n<meta property=\"og:locale\" content=\"es_ES\" \/>\n<meta property=\"og:type\" content=\"article\" \/>\n<meta property=\"og:title\" content=\"Invoice Fly Alternatives\" \/>\n<meta property=\"og:description\" content=\"Invoice Fly Alternatives: See How We Compare Run a smoother appliance repair business with Invoice Fly. Send estimates and invoices, and save hours of work by automating your workflows. Try It For Free Home Simplify your estimating processwith Invoice Fly Lorem ipsum dolor sit amet, consectetur adipiscing elit. Ut elit tellus, luctus nec ullamcorper mattis, [&hellip;]\" \/>\n<meta property=\"og:url\" content=\"https:\/\/invoicefly.com\/es\/alternativas-a-la-factura-fly\/\" \/>\n<meta property=\"og:site_name\" content=\"Invoice Fly\" \/>\n<meta property=\"article:publisher\" content=\"https:\/\/www.facebook.com\/invoiceflyapp\/\" \/>\n<meta property=\"article:modified_time\" content=\"2025-10-20T15:25:42+00:00\" \/>\n<meta property=\"og:image\" content=\"https:\/\/invoicefly.com\/wp-content\/uploads\/2025\/06\/Apple-Store-Reviews1.png\" \/>\n\t<meta property=\"og:image:width\" content=\"341\" \/>\n\t<meta property=\"og:image:height\" content=\"83\" \/>\n\t<meta property=\"og:image:type\" content=\"image\/png\" \/>\n<meta name=\"twitter:card\" content=\"summary_large_image\" \/>\n<meta name=\"twitter:label1\" content=\"Tiempo de lectura\" \/>\n\t<meta name=\"twitter:data1\" content=\"1 minuto\" \/>\n<script type=\"application\/ld+json\" class=\"yoast-schema-graph\">{\"@context\":\"https:\/\/schema.org\",\"@graph\":[{\"@type\":\"WebPage\",\"@id\":\"https:\/\/invoicefly.com\/invoice-fly-alternatives\/\",\"url\":\"https:\/\/invoicefly.com\/invoice-fly-alternatives\/\",\"name\":\"Invoice Fly Alternatives &#8211; Invoice Fly\",\"isPartOf\":{\"@id\":\"https:\/\/invoicefly.com\/#website\"},\"primaryImageOfPage\":{\"@id\":\"https:\/\/invoicefly.com\/invoice-fly-alternatives\/#primaryimage\"},\"image\":{\"@id\":\"https:\/\/invoicefly.com\/invoice-fly-alternatives\/#primaryimage\"},\"thumbnailUrl\":\"https:\/\/invoicefly.com\/wp-content\/uploads\/2025\/06\/Apple-Store-Reviews1.png\",\"datePublished\":\"2025-10-20T10:59:25+00:00\",\"dateModified\":\"2025-10-20T15:25:42+00:00\",\"breadcrumb\":{\"@id\":\"https:\/\/invoicefly.com\/invoice-fly-alternatives\/#breadcrumb\"},\"inLanguage\":\"es\",\"potentialAction\":[{\"@type\":\"ReadAction\",\"target\":[\"https:\/\/invoicefly.com\/invoice-fly-alternatives\/\"]}]},{\"@type\":\"ImageObject\",\"inLanguage\":\"es\",\"@id\":\"https:\/\/invoicefly.com\/invoice-fly-alternatives\/#primaryimage\",\"url\":\"https:\/\/invoicefly.com\/wp-content\/uploads\/2025\/06\/Apple-Store-Reviews1.png\",\"contentUrl\":\"https:\/\/invoicefly.com\/wp-content\/uploads\/2025\/06\/Apple-Store-Reviews1.png\"},{\"@type\":\"BreadcrumbList\",\"@id\":\"https:\/\/invoicefly.com\/invoice-fly-alternatives\/#breadcrumb\",\"itemListElement\":[{\"@type\":\"ListItem\",\"position\":1,\"name\":\"Invoice Fly\",\"item\":\"https:\/\/invoicefly.com\/\"},{\"@type\":\"ListItem\",\"position\":2,\"name\":\"Invoice Fly Alternatives\"}]},{\"@type\":\"WebSite\",\"@id\":\"https:\/\/invoicefly.com\/#website\",\"url\":\"https:\/\/invoicefly.com\/\",\"name\":\"Invoice Fly\",\"description\":\"The Best Invoice App\",\"publisher\":{\"@id\":\"https:\/\/invoicefly.com\/#organization\"},\"alternateName\":\"Invoice Fly\",\"potentialAction\":[{\"@type\":\"SearchAction\",\"target\":{\"@type\":\"EntryPoint\",\"urlTemplate\":\"https:\/\/invoicefly.com\/?s={search_term_string}\"},\"query-input\":{\"@type\":\"PropertyValueSpecification\",\"valueRequired\":true,\"valueName\":\"search_term_string\"}}],\"inLanguage\":\"es\"},{\"@type\":\"Organization\",\"@id\":\"https:\/\/invoicefly.com\/#organization\",\"name\":\"Invoice Fly\",\"alternateName\":\"Invoice Fly\",\"url\":\"https:\/\/invoicefly.com\/\",\"logo\":{\"@type\":\"ImageObject\",\"inLanguage\":\"es\",\"@id\":\"https:\/\/invoicefly.com\/#\/schema\/logo\/image\/\",\"url\":\"https:\/\/invoicefly.com\/wp-content\/uploads\/2023\/09\/invoice-fly-logo.png\",\"contentUrl\":\"https:\/\/invoicefly.com\/wp-content\/uploads\/2023\/09\/invoice-fly-logo.png\",\"width\":524,\"height\":113,\"caption\":\"Invoice Fly\"},\"image\":{\"@id\":\"https:\/\/invoicefly.com\/#\/schema\/logo\/image\/\"},\"sameAs\":[\"https:\/\/www.facebook.com\/invoiceflyapp\/\",\"https:\/\/www.instagram.com\/invoiceflyapp\/\",\"https:\/\/www.tiktok.com\/@invoicefly\",\"https:\/\/www.youtube.com\/channel\/UCS20FuF4lzTotiD3cOHKYTg\"],\"description\":\"Invoice Fly helps you send estimates & invoices, collect credit card and online payments fast, build reports, track expenses, organize your clients and items and run your home service business with ease.\\u2028\",\"legalName\":\"Invoice Fly\"}]}<\/script>\n<!-- \/ Yoast SEO Premium plugin. -->","yoast_head_json":{"title":"Invoice Fly Alternativas - Invoice Fly","robots":{"index":"noindex","follow":"follow"},"og_locale":"es_ES","og_type":"article","og_title":"Invoice Fly Alternatives","og_description":"Invoice Fly Alternatives: See How We Compare Run a smoother appliance repair business with Invoice Fly. Send estimates and invoices, and save hours of work by automating your workflows. Try It For Free Home Simplify your estimating processwith Invoice Fly Lorem ipsum dolor sit amet, consectetur adipiscing elit. Ut elit tellus, luctus nec ullamcorper mattis, [&hellip;]","og_url":"https:\/\/invoicefly.com\/es\/alternativas-a-la-factura-fly\/","og_site_name":"Invoice Fly","article_publisher":"https:\/\/www.facebook.com\/invoiceflyapp\/","article_modified_time":"2025-10-20T15:25:42+00:00","og_image":[{"width":341,"height":83,"url":"https:\/\/invoicefly.com\/wp-content\/uploads\/2025\/06\/Apple-Store-Reviews1.png","type":"image\/png"}],"twitter_card":"summary_large_image","twitter_misc":{"Tiempo de lectura":"1 minuto"},"schema":{"@context":"https:\/\/schema.org","@graph":[{"@type":"WebPage","@id":"https:\/\/invoicefly.com\/invoice-fly-alternatives\/","url":"https:\/\/invoicefly.com\/invoice-fly-alternatives\/","name":"Invoice Fly Alternativas - Invoice Fly","isPartOf":{"@id":"https:\/\/invoicefly.com\/#website"},"primaryImageOfPage":{"@id":"https:\/\/invoicefly.com\/invoice-fly-alternatives\/#primaryimage"},"image":{"@id":"https:\/\/invoicefly.com\/invoice-fly-alternatives\/#primaryimage"},"thumbnailUrl":"https:\/\/invoicefly.com\/wp-content\/uploads\/2025\/06\/Apple-Store-Reviews1.png","datePublished":"2025-10-20T10:59:25+00:00","dateModified":"2025-10-20T15:25:42+00:00","breadcrumb":{"@id":"https:\/\/invoicefly.com\/invoice-fly-alternatives\/#breadcrumb"},"inLanguage":"es","potentialAction":[{"@type":"ReadAction","target":["https:\/\/invoicefly.com\/invoice-fly-alternatives\/"]}]},{"@type":"ImageObject","inLanguage":"es","@id":"https:\/\/invoicefly.com\/invoice-fly-alternatives\/#primaryimage","url":"https:\/\/invoicefly.com\/wp-content\/uploads\/2025\/06\/Apple-Store-Reviews1.png","contentUrl":"https:\/\/invoicefly.com\/wp-content\/uploads\/2025\/06\/Apple-Store-Reviews1.png"},{"@type":"BreadcrumbList","@id":"https:\/\/invoicefly.com\/invoice-fly-alternatives\/#breadcrumb","itemListElement":[{"@type":"ListItem","position":1,"name":"Invoice Fly","item":"https:\/\/invoicefly.com\/"},{"@type":"ListItem","position":2,"name":"Invoice Fly Alternatives"}]},{"@type":"WebSite","@id":"https:\/\/invoicefly.com\/#website","url":"https:\/\/invoicefly.com\/","name":"Invoice Fly","description":"La Mejor App de Facturaci\u00f3n","publisher":{"@id":"https:\/\/invoicefly.com\/#organization"},"alternateName":"Invoice Fly","potentialAction":[{"@type":"SearchAction","target":{"@type":"EntryPoint","urlTemplate":"https:\/\/invoicefly.com\/?s={search_term_string}"},"query-input":{"@type":"PropertyValueSpecification","valueRequired":true,"valueName":"search_term_string"}}],"inLanguage":"es"},{"@type":"Organization","@id":"https:\/\/invoicefly.com\/#organization","name":"Invoice Fly","alternateName":"Invoice Fly","url":"https:\/\/invoicefly.com\/","logo":{"@type":"ImageObject","inLanguage":"es","@id":"https:\/\/invoicefly.com\/#\/schema\/logo\/image\/","url":"https:\/\/invoicefly.com\/wp-content\/uploads\/2023\/09\/invoice-fly-logo.png","contentUrl":"https:\/\/invoicefly.com\/wp-content\/uploads\/2023\/09\/invoice-fly-logo.png","width":524,"height":113,"caption":"Invoice Fly"},"image":{"@id":"https:\/\/invoicefly.com\/#\/schema\/logo\/image\/"},"sameAs":["https:\/\/www.facebook.com\/invoiceflyapp\/","https:\/\/www.instagram.com\/invoiceflyapp\/","https:\/\/www.tiktok.com\/@invoicefly","https:\/\/www.youtube.com\/channel\/UCS20FuF4lzTotiD3cOHKYTg"],"description":"Invoice Fly te ayuda a enviar presupuestos y facturas, cobrar tarjetas de cr\u00e9dito y pagos en l\u00ednea r\u00e1pidamente, generar informes, rastrear gastos, organizar tus clientes y art\u00edculos y administrar tu negocio de servicios del hogar con facilidad.","legalName":"Invoice Fly"}]}},"_links":{"self":[{"href":"https:\/\/invoicefly.com\/es\/wp-json\/wp\/v2\/pages\/82537","targetHints":{"allow":["GET"]}}],"collection":[{"href":"https:\/\/invoicefly.com\/es\/wp-json\/wp\/v2\/pages"}],"about":[{"href":"https:\/\/invoicefly.com\/es\/wp-json\/wp\/v2\/types\/page"}],"author":[{"embeddable":true,"href":"https:\/\/invoicefly.com\/es\/wp-json\/wp\/v2\/users\/11"}],"replies":[{"embeddable":true,"href":"https:\/\/invoicefly.com\/es\/wp-json\/wp\/v2\/comments?post=82537"}],"version-history":[{"count":0,"href":"https:\/\/invoicefly.com\/es\/wp-json\/wp\/v2\/pages\/82537\/revisions"}],"wp:attachment":[{"href":"https:\/\/invoicefly.com\/es\/wp-json\/wp\/v2\/media?parent=82537"}],"curies":[{"name":"wp","href":"https:\/\/api.w.org\/{rel}","templated":true}]}}