{"id":84123,"date":"2025-11-10T17:47:47","date_gmt":"2025-11-10T16:47:47","guid":{"rendered":"https:\/\/invoicefly.com\/?page_id=84123"},"modified":"2025-11-28T10:47:10","modified_gmt":"2025-11-28T09:47:10","slug":"subprocesadores","status":"publish","type":"page","link":"https:\/\/invoicefly.com\/es\/subprocessors\/","title":{"rendered":"Subprocesadores"},"content":{"rendered":"<div data-elementor-type=\"wp-page\" data-elementor-id=\"84123\" class=\"elementor elementor-84123\" data-elementor-post-type=\"page\">\n\t\t\t\t<div class=\"elementor-element elementor-element-b043c83 e-flex e-con-boxed e-con e-parent\" data-id=\"b043c83\" data-element_type=\"container\">\n\t\t\t\t\t<div class=\"e-con-inner\">\n\t\t\t\t<div class=\"elementor-element elementor-element-0072c10 elementor-widget elementor-widget-text-editor\" data-id=\"0072c10\" data-element_type=\"widget\" data-settings=\"{&quot;ekit_we_effect_on&quot;:&quot;none&quot;}\" data-widget_type=\"text-editor.default\">\n\t\t\t\t\t\t\t\t\t<style><span data-mce-type=\"bookmark\" style=\"display: inline-block; width: 0px; overflow: hidden; line-height: 0;\" class=\"mce_SELRES_start\">\ufeff<\/span><span data-mce-type=\"bookmark\" style=\"display: inline-block; width: 0px; overflow: hidden; line-height: 0;\" class=\"mce_SELRES_start\">\ufeff<\/span><br \/>    body {<br \/>      font-family: system-ui, -apple-system, BlinkMacSystemFont, \"Segoe UI\", sans-serif;<br \/>      line-height: 1.5;<br \/>      margin: 2rem;<br \/>    }<br \/>    h1 {<br \/>      font-size: 1.8rem;<br \/>      margin-bottom: 1rem;<br \/>    }<br \/>    p {<br \/>      margin-bottom: 1rem;<br \/>    }<br \/>    table {<br \/>      width: 100%;<br \/>      border-collapse: collapse;<br \/>      margin-top: 1rem;<br \/>    }<br \/>    th, td {<br \/>      border: 1px solid #ddd;<br \/>      padding: 0.6rem 0.75rem;<br \/>      vertical-align: top;<br \/>    }<br \/>    th {<br \/>      background-color: #f5f5f5;<br \/>      text-align: left;<br \/>    }<br \/>    a {<br \/>      word-break: break-all;<br \/>      text-decoration: none;<br \/>    }<br \/>  <\/style>\n<h1>Subprocesadores<\/h1><br>\nPara ayudar a prestar los Servicios Invoice Fly utilizamos los siguientes subprocesadores:<br><br>\n<div class=\"table-responsive\">\n<table>\n<thead>\n<tr>\n<th scope=\"col\">Nombre<\/th>\n<th scope=\"col\">Prop\u00f3sito<\/th>\n<th scope=\"col\">P\u00e1gina web<\/th>\n<th scope=\"col\">Direcci\u00f3n<\/th>\n<\/tr>\n<\/thead>\n<tbody>\n<tr>\n<td>Nube de Google<\/td>\n<td>Infraestructura en nube<\/td>\n<td><a href=\"https:\/\/cloud.google.com\/\" target=\"_blank\" rel=\"noopener noreferrer\">https:\/\/cloud.google.com\/<\/a><\/td>\n<td>1600 Amphitheatre Parkway, Mountain View, CA 94043, Estados Unidos<\/td>\n<\/tr>\n<tr>\n<td>Interfono<\/td>\n<td>Atenci\u00f3n al cliente<\/td>\n<td><a href=\"https:\/\/www.intercom.com\/\" target=\"_blank\" rel=\"noopener noreferrer\">https:\/\/www.intercom.com\/<\/a><\/td>\n<td>55 2nd Street, 4th Floor, San Francisco, CA 94105, Estados Unidos<\/td>\n<\/tr>\n<tr>\n<td>RevenueCat<\/td>\n<td>Gesti\u00f3n de suscripciones<\/td>\n<td><a href=\"https:\/\/www.revenuecat.com\/\" target=\"_blank\" rel=\"noopener noreferrer\">https:\/\/www.revenuecat.com\/<\/a><\/td>\n<td>631-633 Taraval St #101, San Francisco, CA 94116, Estados Unidos<\/td>\n<\/tr>\n<tr>\n<td>Raya<\/td>\n<td>Gesti\u00f3n de suscripciones y procesamiento de pagos<\/td>\n<td><a href=\"https:\/\/www.stripe.com\" target=\"_blank\" rel=\"noopener noreferrer\">https:\/\/www.stripe.com<\/a><\/td>\n<td>185 Berry Street, San Francisco, CA 94107, Estados Unidos<\/td>\n<\/tr>\n<tr>\n<td>PayPal<\/td>\n<td>Procesador de pagos<\/td>\n<td><a href=\"https:\/\/www.paypal.com\" target=\"_blank\" rel=\"noopener noreferrer\">https:\/\/www.paypal.com<\/a><\/td>\n<td>2211 North First Street, San Jose, CA 95131, Estados Unidos<\/td>\n<\/tr>\n<tr>\n<td>Appsflyer<\/td>\n<td>Anal\u00edtica<\/td>\n<td><a href=\"https:\/\/www.appsflyer.com\/\" target=\"_blank\" rel=\"noopener noreferrer\">https:\/\/www.appsflyer.com\/<\/a><\/td>\n<td>100 1st Street, 25th Floor, San Francisco, CA 94105, Estados Unidos<\/td>\n<\/tr>\n<tr>\n<td>Mixpanel<\/td>\n<td>Anal\u00edtica<\/td>\n<td><a href=\"https:\/\/mixpanel.com\/\" target=\"_blank\" rel=\"noopener noreferrer\">https:\/\/mixpanel.com\/<\/a><\/td>\n<td>One Front Street, Suite 2800, San Francisco, CA 94111, Estados Unidos<\/td>\n<\/tr>\n<tr>\n<td>Google Analytics<\/td>\n<td>Anal\u00edtica<\/td>\n<td><a href=\"https:\/\/developers.google.com\/analytics\" target=\"_blank\" rel=\"noopener noreferrer\">https:\/\/developers.google.com\/analytics<\/a><\/td>\n<td>1600 Amphitheatre Parkway, Mountain View, CA 94043, Estados Unidos<\/td>\n<\/tr>\n<tr>\n<td>Smartlook<\/td>\n<td>Anal\u00edtica<\/td>\n<td><a href=\"https:\/\/www.smartlook.com\/\" target=\"_blank\" rel=\"noopener noreferrer\">https:\/\/www.smartlook.com\/<\/a><\/td>\n<td>\u0160umavsk\u00e1 524\/31, 602 00 Brno, Rep\u00fablica Checa<\/td>\n<\/tr>\n<tr>\n<td>MailChimp<\/td>\n<td>Correo electr\u00f3nico<\/td>\n<td><a href=\"https:\/\/mailchimp.com\/\" target=\"_blank\" rel=\"noopener noreferrer\">https:\/\/mailchimp.com\/<\/a><\/td>\n<td>405 N Angier Ave NE, Atlanta, GA 30308, Estados Unidos<\/td>\n<\/tr>\n<tr>\n<td>Gmail<\/td>\n<td>Comunicaci\u00f3n interna<\/td>\n<td><a href=\"https:\/\/gmail.com\/\" target=\"_blank\" rel=\"noopener noreferrer\">https:\/\/gmail.com\/<\/a><\/td>\n<td>1600 Amphitheatre Parkway, Mountain View, CA 94043, Estados Unidos<\/td>\n<\/tr>\n<tr>\n<td>Slack<\/td>\n<td>Comunicaci\u00f3n interna<\/td>\n<td><a href=\"https:\/\/slack.com\/\" target=\"_blank\" rel=\"noopener noreferrer\">https:\/\/slack.com\/<\/a><\/td>\n<td>500 Howard St, San Francisco, CA 94105, Estados Unidos<\/td>\n<\/tr>\n<tr>\n<td>Notion<\/td>\n<td>Comunicaci\u00f3n interna<\/td>\n<td><a href=\"https:\/\/www.notion.com\/\" target=\"_blank\" rel=\"noopener noreferrer\">https:\/\/www.notion.com\/<\/a><\/td>\n<td>2300 Harrison St, San Francisco, CA 94110, Estados Unidos<\/td>\n<\/tr>\n<tr>\n<td>Tally<\/td>\n<td>Formularios<\/td>\n<td><a href=\"https:\/\/www.tally.so\/\" target=\"_blank\" rel=\"noopener noreferrer\">https:\/\/www.tally.so\/<\/a><\/td>\n<td>August Van Lokerenstraat 71, 9050 Gante, B\u00e9lgica<\/td>\n<\/tr>\n<tr>\n<td>OpenAI<\/td>\n<td>Proveedor de servicios de IA<\/td>\n<td><a href=\"https:\/\/openai.com\/\" target=\"_blank\" rel=\"noopener noreferrer\">https:\/\/openai.com\/<\/a><\/td>\n<td>1455 3rd Street, San Francisco, CA 94110, Estados Unidos<\/td>\n<\/tr>\n<tr>\n<td>Replicar<\/td>\n<td>Proveedor de servicios de IA<\/td>\n<td><a href=\"https:\/\/replicate.com\/\" target=\"_blank\" rel=\"noopener noreferrer\">https:\/\/replicate.com\/<\/a><\/td>\n<td>2261 Market St #4056, San Francisco, CA 94114, Estados Unidos<\/td>\n<\/tr>\n<tr>\n<td>Fototeca<\/td>\n<td>Proveedor de servicios de IA<\/td>\n<td><a href=\"https:\/\/photoroom.com\/\" target=\"_blank\" rel=\"noopener noreferrer\">https:\/\/photoroom.com\/<\/a><\/td>\n<td>73 Boulevard de S\u00e9bastopol, Par\u00eds, \u00cele-de-France 75003, Francia<\/td>\n<\/tr>\n<\/tbody>\n<\/table>\n<\/div>\n&nbsp;\t\t\t\t\t\t\t\t<\/div>\n\t\t\t\t\t<\/div>\n\t\t\t\t<\/div>\n\t\t\t\t<\/div>","protected":false},"excerpt":{"rendered":"<p>Subprocessors To help provide Invoice Fly Services we use the following subprocessors: Name Purpose Website Address Google Cloud Cloud Infrastructure https:\/\/cloud.google.com\/ 1600 Amphitheatre Parkway, Mountain View, CA 94043, United States Intercom Customer Support https:\/\/www.intercom.com\/ 55 2nd Street, 4th Floor, San Francisco, CA 94105, United States RevenueCat Subscription Management https:\/\/www.revenuecat.com\/ 631-633 Taraval St #101, San Francisco, [&hellip;]<\/p>\n","protected":false},"author":11,"featured_media":0,"parent":0,"menu_order":0,"comment_status":"closed","ping_status":"closed","template":"","meta":{"_acf_changed":false,"_yoast_wpseo_focuskw":"","_yoast_wpseo_title":"","_yoast_wpseo_metadesc":"","footnotes":""},"class_list":["post-84123","page","type-page","status-publish","hentry"],"acf":[],"yoast_head":"<!-- This site is optimized with the Yoast SEO Premium plugin v25.8 (Yoast SEO v25.8) - https:\/\/yoast.com\/wordpress\/plugins\/seo\/ -->\n<title>Subprocessors &#8211; Invoice Fly<\/title>\n<meta name=\"robots\" content=\"index, follow, max-snippet:-1, max-image-preview:large, max-video-preview:-1\" \/>\n<link rel=\"canonical\" href=\"https:\/\/invoicefly.com\/es\/subprocesadores\/\" \/>\n<meta property=\"og:locale\" content=\"es_ES\" \/>\n<meta property=\"og:type\" content=\"article\" \/>\n<meta property=\"og:title\" content=\"Subprocessors\" \/>\n<meta property=\"og:description\" content=\"Subprocessors To help provide Invoice Fly Services we use the following subprocessors: Name Purpose Website Address Google Cloud Cloud Infrastructure https:\/\/cloud.google.com\/ 1600 Amphitheatre Parkway, Mountain View, CA 94043, United States Intercom Customer Support https:\/\/www.intercom.com\/ 55 2nd Street, 4th Floor, San Francisco, CA 94105, United States RevenueCat Subscription Management https:\/\/www.revenuecat.com\/ 631-633 Taraval St #101, San Francisco, [&hellip;]\" \/>\n<meta property=\"og:url\" content=\"https:\/\/invoicefly.com\/es\/subprocesadores\/\" \/>\n<meta property=\"og:site_name\" content=\"Invoice Fly\" \/>\n<meta property=\"article:publisher\" content=\"https:\/\/www.facebook.com\/invoiceflyapp\/\" \/>\n<meta property=\"article:modified_time\" content=\"2025-11-28T09:47:10+00:00\" \/>\n<meta property=\"og:image\" content=\"https:\/\/invoicefly.com\/wp-content\/uploads\/2023\/09\/invoice-fly-logo.png\" \/>\n\t<meta property=\"og:image:width\" content=\"524\" \/>\n\t<meta property=\"og:image:height\" content=\"113\" \/>\n\t<meta property=\"og:image:type\" content=\"image\/png\" \/>\n<meta name=\"twitter:card\" content=\"summary_large_image\" \/>\n<meta name=\"twitter:label1\" content=\"Tiempo de lectura\" \/>\n\t<meta name=\"twitter:data1\" content=\"2 minutos\" \/>\n<script type=\"application\/ld+json\" class=\"yoast-schema-graph\">{\"@context\":\"https:\/\/schema.org\",\"@graph\":[{\"@type\":\"WebPage\",\"@id\":\"https:\/\/invoicefly.com\/subprocessors\/\",\"url\":\"https:\/\/invoicefly.com\/subprocessors\/\",\"name\":\"Subprocessors &#8211; Invoice Fly\",\"isPartOf\":{\"@id\":\"https:\/\/invoicefly.com\/#website\"},\"datePublished\":\"2025-11-10T16:47:47+00:00\",\"dateModified\":\"2025-11-28T09:47:10+00:00\",\"breadcrumb\":{\"@id\":\"https:\/\/invoicefly.com\/subprocessors\/#breadcrumb\"},\"inLanguage\":\"es\",\"potentialAction\":[{\"@type\":\"ReadAction\",\"target\":[\"https:\/\/invoicefly.com\/subprocessors\/\"]}]},{\"@type\":\"BreadcrumbList\",\"@id\":\"https:\/\/invoicefly.com\/subprocessors\/#breadcrumb\",\"itemListElement\":[{\"@type\":\"ListItem\",\"position\":1,\"name\":\"Invoice Fly\",\"item\":\"https:\/\/invoicefly.com\/\"},{\"@type\":\"ListItem\",\"position\":2,\"name\":\"Subprocessors\"}]},{\"@type\":\"WebSite\",\"@id\":\"https:\/\/invoicefly.com\/#website\",\"url\":\"https:\/\/invoicefly.com\/\",\"name\":\"Invoice Fly\",\"description\":\"The Best Invoice App\",\"publisher\":{\"@id\":\"https:\/\/invoicefly.com\/#organization\"},\"alternateName\":\"Invoice Fly\",\"potentialAction\":[{\"@type\":\"SearchAction\",\"target\":{\"@type\":\"EntryPoint\",\"urlTemplate\":\"https:\/\/invoicefly.com\/?s={search_term_string}\"},\"query-input\":{\"@type\":\"PropertyValueSpecification\",\"valueRequired\":true,\"valueName\":\"search_term_string\"}}],\"inLanguage\":\"es\"},{\"@type\":\"Organization\",\"@id\":\"https:\/\/invoicefly.com\/#organization\",\"name\":\"Invoice Fly\",\"alternateName\":\"Invoice Fly\",\"url\":\"https:\/\/invoicefly.com\/\",\"logo\":{\"@type\":\"ImageObject\",\"inLanguage\":\"es\",\"@id\":\"https:\/\/invoicefly.com\/#\/schema\/logo\/image\/\",\"url\":\"https:\/\/invoicefly.com\/wp-content\/uploads\/2023\/09\/invoice-fly-logo.png\",\"contentUrl\":\"https:\/\/invoicefly.com\/wp-content\/uploads\/2023\/09\/invoice-fly-logo.png\",\"width\":524,\"height\":113,\"caption\":\"Invoice Fly\"},\"image\":{\"@id\":\"https:\/\/invoicefly.com\/#\/schema\/logo\/image\/\"},\"sameAs\":[\"https:\/\/www.facebook.com\/invoiceflyapp\/\",\"https:\/\/www.instagram.com\/invoiceflyapp\/\",\"https:\/\/www.tiktok.com\/@invoicefly\",\"https:\/\/www.youtube.com\/channel\/UCS20FuF4lzTotiD3cOHKYTg\"],\"description\":\"Invoice Fly helps you send estimates & invoices, collect credit card and online payments fast, build reports, track expenses, organize your clients and items and run your home service business with ease.\\u2028\",\"legalName\":\"Invoice Fly\"}]}<\/script>\n<!-- \/ Yoast SEO Premium plugin. -->","yoast_head_json":{"title":"Subprocesadores - Invoice Fly","robots":{"index":"index","follow":"follow","max-snippet":"max-snippet:-1","max-image-preview":"max-image-preview:large","max-video-preview":"max-video-preview:-1"},"canonical":"https:\/\/invoicefly.com\/es\/subprocesadores\/","og_locale":"es_ES","og_type":"article","og_title":"Subprocessors","og_description":"Subprocessors To help provide Invoice Fly Services we use the following subprocessors: Name Purpose Website Address Google Cloud Cloud Infrastructure https:\/\/cloud.google.com\/ 1600 Amphitheatre Parkway, Mountain View, CA 94043, United States Intercom Customer Support https:\/\/www.intercom.com\/ 55 2nd Street, 4th Floor, San Francisco, CA 94105, United States RevenueCat Subscription Management https:\/\/www.revenuecat.com\/ 631-633 Taraval St #101, San Francisco, [&hellip;]","og_url":"https:\/\/invoicefly.com\/es\/subprocesadores\/","og_site_name":"Invoice Fly","article_publisher":"https:\/\/www.facebook.com\/invoiceflyapp\/","article_modified_time":"2025-11-28T09:47:10+00:00","og_image":[{"width":524,"height":113,"url":"https:\/\/invoicefly.com\/wp-content\/uploads\/2023\/09\/invoice-fly-logo.png","type":"image\/png"}],"twitter_card":"summary_large_image","twitter_misc":{"Tiempo de lectura":"2 minutos"},"schema":{"@context":"https:\/\/schema.org","@graph":[{"@type":"WebPage","@id":"https:\/\/invoicefly.com\/subprocessors\/","url":"https:\/\/invoicefly.com\/subprocessors\/","name":"Subprocesadores - Invoice Fly","isPartOf":{"@id":"https:\/\/invoicefly.com\/#website"},"datePublished":"2025-11-10T16:47:47+00:00","dateModified":"2025-11-28T09:47:10+00:00","breadcrumb":{"@id":"https:\/\/invoicefly.com\/subprocessors\/#breadcrumb"},"inLanguage":"es","potentialAction":[{"@type":"ReadAction","target":["https:\/\/invoicefly.com\/subprocessors\/"]}]},{"@type":"BreadcrumbList","@id":"https:\/\/invoicefly.com\/subprocessors\/#breadcrumb","itemListElement":[{"@type":"ListItem","position":1,"name":"Invoice Fly","item":"https:\/\/invoicefly.com\/"},{"@type":"ListItem","position":2,"name":"Subprocessors"}]},{"@type":"WebSite","@id":"https:\/\/invoicefly.com\/#website","url":"https:\/\/invoicefly.com\/","name":"Invoice Fly","description":"La Mejor App de Facturaci\u00f3n","publisher":{"@id":"https:\/\/invoicefly.com\/#organization"},"alternateName":"Invoice Fly","potentialAction":[{"@type":"SearchAction","target":{"@type":"EntryPoint","urlTemplate":"https:\/\/invoicefly.com\/?s={search_term_string}"},"query-input":{"@type":"PropertyValueSpecification","valueRequired":true,"valueName":"search_term_string"}}],"inLanguage":"es"},{"@type":"Organization","@id":"https:\/\/invoicefly.com\/#organization","name":"Invoice Fly","alternateName":"Invoice Fly","url":"https:\/\/invoicefly.com\/","logo":{"@type":"ImageObject","inLanguage":"es","@id":"https:\/\/invoicefly.com\/#\/schema\/logo\/image\/","url":"https:\/\/invoicefly.com\/wp-content\/uploads\/2023\/09\/invoice-fly-logo.png","contentUrl":"https:\/\/invoicefly.com\/wp-content\/uploads\/2023\/09\/invoice-fly-logo.png","width":524,"height":113,"caption":"Invoice Fly"},"image":{"@id":"https:\/\/invoicefly.com\/#\/schema\/logo\/image\/"},"sameAs":["https:\/\/www.facebook.com\/invoiceflyapp\/","https:\/\/www.instagram.com\/invoiceflyapp\/","https:\/\/www.tiktok.com\/@invoicefly","https:\/\/www.youtube.com\/channel\/UCS20FuF4lzTotiD3cOHKYTg"],"description":"Invoice Fly te ayuda a enviar presupuestos y facturas, cobrar tarjetas de cr\u00e9dito y pagos en l\u00ednea r\u00e1pidamente, generar informes, rastrear gastos, organizar tus clientes y art\u00edculos y administrar tu negocio de servicios del hogar con facilidad.","legalName":"Invoice Fly"}]}},"hero_title":null,"hero_text":null,"how_to_title":null,"how_to_content_1":null,"how_to_content_2":null,"how_to_content_3":null,"how_to_content_4":null,"key_section_title":null,"bill_confidently_title":null,"icon_title_1":null,"icon_text_1":null,"icon_title_2":null,"icon_text_2":null,"icon_title_3":null,"icon_text_3":null,"icon_title_4":null,"icon_text_4":null,"icon_title_5":null,"icon_text_5":null,"icon_title_6":null,"icon_text_6":null,"icon_title_7":null,"icon_text_7":null,"faq_header":null,"faq_text":null,"faq_title_1":null,"faq_content_1":null,"faq_title_2":null,"faq_content_2":null,"faq_title_3":null,"faq_content_3":null,"faq_title_4":null,"faq_content_4":null,"faq_title_5":null,"faq_content_5":null,"faq_title_6":null,"faq_content_6":null,"faq_title_7":null,"faq_content_7":null,"faq_title_8":null,"faq_content_8":null,"faq_title_9":null,"faq_content_9":null,"faq_title_10":null,"faq_content_10":null,"get_paid_title":null,"get_paid_text":null,"stay_on_top_title":null,"stay_on_top_text":null,"icon_2_title_1":null,"icon_2_text_1":null,"icon_2_title_2":null,"icon_2_text_2":null,"icon_2_title_3":null,"icon_2_text_3":null,"icon_2_title_4":null,"icon_2_text_4":null,"invoicing_that_title":null,"invoicing_that_text":null,"icon_3_title_1":null,"icon_3_text_1":null,"icon_3_title_2":null,"icon_3_text_2":null,"icon_3_title_3":null,"icon_3_text_3":null,"icon_3_title_4":null,"icon_3_text_4":null,"faq_title_header":null,"faq_text_header":null,"hero_image":null,"invoice_template_title_seo":null,"descripcion_invoice_template_seo":null,"whats_included_title":null,"whats_included_text":null,"whats_included_image":null,"faqs_title":null,"faq_1":null,"faq_2":null,"faq_3":null,"faq_4":null,"faq_5":null,"_links":{"self":[{"href":"https:\/\/invoicefly.com\/es\/wp-json\/wp\/v2\/pages\/84123","targetHints":{"allow":["GET"]}}],"collection":[{"href":"https:\/\/invoicefly.com\/es\/wp-json\/wp\/v2\/pages"}],"about":[{"href":"https:\/\/invoicefly.com\/es\/wp-json\/wp\/v2\/types\/page"}],"author":[{"embeddable":true,"href":"https:\/\/invoicefly.com\/es\/wp-json\/wp\/v2\/users\/11"}],"replies":[{"embeddable":true,"href":"https:\/\/invoicefly.com\/es\/wp-json\/wp\/v2\/comments?post=84123"}],"version-history":[{"count":0,"href":"https:\/\/invoicefly.com\/es\/wp-json\/wp\/v2\/pages\/84123\/revisions"}],"wp:attachment":[{"href":"https:\/\/invoicefly.com\/es\/wp-json\/wp\/v2\/media?parent=84123"}],"curies":[{"name":"wp","href":"https:\/\/api.w.org\/{rel}","templated":true}]}}